{"id":18,"date":"2020-02-12T15:56:15","date_gmt":"2020-02-12T15:56:15","guid":{"rendered":"https:\/\/adhtruhlarstvi.cz\/?page_id=18"},"modified":"2020-03-18T17:35:26","modified_gmt":"2020-03-18T17:35:26","slug":"uvod","status":"publish","type":"page","link":"https:\/\/adhtruhlarstvi.cz\/","title":{"rendered":"\u00davod"},"content":{"rendered":"\t\t<div data-elementor-type=\"wp-page\" data-elementor-id=\"18\" class=\"elementor elementor-18\">\n\t\t\t\t\t\t\t\t\t<section class=\"elementor-section elementor-top-section elementor-element elementor-element-a9057b1 elementor-section-boxed elementor-section-height-default elementor-section-height-default\" data-id=\"a9057b1\" data-element_type=\"section\" data-settings=\"{&quot;background_background&quot;:&quot;classic&quot;}\">\n\t\t\t\t\t\t\t<div class=\"elementor-background-overlay\"><\/div>\n\t\t\t\t\t\t\t<div class=\"elementor-container elementor-column-gap-default\">\n\t\t\t\t\t<div class=\"elementor-column elementor-col-100 elementor-top-column elementor-element elementor-element-0d9457d\" data-id=\"0d9457d\" data-element_type=\"column\">\n\t\t\t<div class=\"elementor-widget-wrap elementor-element-populated\">\n\t\t\t\t\t\t\t\t<div class=\"elementor-element elementor-element-1b56a85 uvod-header elementor-widget elementor-widget-text-editor\" data-id=\"1b56a85\" data-element_type=\"widget\" data-widget_type=\"text-editor.default\">\n\t\t\t\t<div class=\"elementor-widget-container\">\n\t\t\t\t\t\t\t<h1><span style=\"color: #ffffff;\">Na\u0161e truhl\u00e1\u0159sk\u00e9 zak\u00e1zky jsou p\u0159ev\u00e1\u017en\u011b z Prahy a bl\u00edzk\u00e9ho okol\u00ed, na\u0161imi z\u00e1kazn\u00edky jsou jak velk\u00e9 stavebn\u00ed firmy, tak i jednotlivci.<\/span><\/h1>\t\t\t\t\t\t<\/div>\n\t\t\t\t<\/div>\n\t\t\t\t<div class=\"elementor-element elementor-element-1444e7c uvod-header elementor-widget elementor-widget-text-editor\" data-id=\"1444e7c\" data-element_type=\"widget\" data-widget_type=\"text-editor.default\">\n\t\t\t\t<div class=\"elementor-widget-container\">\n\t\t\t\t\t\t\t<h1><span style=\"color: #ffffff;\">Pokud jste i z v\u011bt\u0161\u00ed d\u00e1lky, nev\u00e1hejte n\u00e1s kontaktovat a ur\u010dit\u011b najdeme spole\u010dn\u00e9 \u0159e\u0161en\u00ed.<\/span><\/h1>\t\t\t\t\t\t<\/div>\n\t\t\t\t<\/div>\n\t\t\t\t\t<\/div>\n\t\t<\/div>\n\t\t\t\t\t\t\t<\/div>\n\t\t<\/section>\n\t\t\t\t<section class=\"elementor-section elementor-top-section elementor-element elementor-element-3404e6b elementor-section-boxed elementor-section-height-default elementor-section-height-default\" data-id=\"3404e6b\" data-element_type=\"section\">\n\t\t\t\t\t\t<div class=\"elementor-container elementor-column-gap-default\">\n\t\t\t\t\t<div class=\"elementor-column elementor-col-33 elementor-top-column elementor-element elementor-element-117dd38\" data-id=\"117dd38\" data-element_type=\"column\">\n\t\t\t<div class=\"elementor-widget-wrap elementor-element-populated\">\n\t\t\t\t\t\t\t\t<div class=\"elementor-element elementor-element-4d5f579 elementor-widget elementor-widget-heading\" data-id=\"4d5f579\" data-element_type=\"widget\" data-widget_type=\"heading.default\">\n\t\t\t\t<div class=\"elementor-widget-container\">\n\t\t\t<h2 class=\"elementor-heading-title elementor-size-default\">Od n\u00e1vrhu po proveden\u00ed<\/h2>\t\t<\/div>\n\t\t\t\t<\/div>\n\t\t\t\t<div class=\"elementor-element elementor-element-7e3450d elementor-widget elementor-widget-text-editor\" data-id=\"7e3450d\" data-element_type=\"widget\" data-widget_type=\"text-editor.default\">\n\t\t\t\t<div class=\"elementor-widget-container\">\n\t\t\t\t\t\t\t<p>Jsme schopni podle Va\u0161ich p\u0159edstav zpracovat n\u00e1vrh a vyrobit p\u0159esn\u011b to, co V\u00e1m bude vyhovovat, nebo V\u00e1m navrhneme a porad\u00edme, nebudete-li m\u00edt p\u0159esnou p\u0159edstavu, jak m\u00e1 n\u00e1mi zhotoven\u00fd v\u00fdrobek vypadat.<\/p>\t\t\t\t\t\t<\/div>\n\t\t\t\t<\/div>\n\t\t\t\t\t<\/div>\n\t\t<\/div>\n\t\t\t\t<div class=\"elementor-column elementor-col-33 elementor-top-column elementor-element elementor-element-91a7c56\" data-id=\"91a7c56\" data-element_type=\"column\">\n\t\t\t<div class=\"elementor-widget-wrap elementor-element-populated\">\n\t\t\t\t\t\t\t\t<div class=\"elementor-element elementor-element-a8ee4cf elementor-widget elementor-widget-heading\" data-id=\"a8ee4cf\" data-element_type=\"widget\" data-widget_type=\"heading.default\">\n\t\t\t\t<div class=\"elementor-widget-container\">\n\t\t\t<h2 class=\"elementor-heading-title elementor-size-default\">Kalkulace ceny zdarma<\/h2>\t\t<\/div>\n\t\t\t\t<\/div>\n\t\t\t\t<div class=\"elementor-element elementor-element-669fadf elementor-widget elementor-widget-text-editor\" data-id=\"669fadf\" data-element_type=\"widget\" data-widget_type=\"text-editor.default\">\n\t\t\t\t<div class=\"elementor-widget-container\">\n\t\t\t\t\t\t\tR\u00e1di k V\u00e1m p\u0159ijedeme ve\u0161ker\u00e9 zak\u00e1zky vym\u011b\u0159it a zkonzultovat s V\u00e1mi, pop\u0159. podle V\u00e1mi zaslan\u00fdch obr\u00e1zk\u016f a rozm\u011br\u016f za\u0161leme cenovou kalkulaci.\t\t\t\t\t\t<\/div>\n\t\t\t\t<\/div>\n\t\t\t\t\t<\/div>\n\t\t<\/div>\n\t\t\t\t<div class=\"elementor-column elementor-col-33 elementor-top-column elementor-element elementor-element-dc3a6cb\" data-id=\"dc3a6cb\" data-element_type=\"column\">\n\t\t\t<div class=\"elementor-widget-wrap elementor-element-populated\">\n\t\t\t\t\t\t\t\t<div class=\"elementor-element elementor-element-e12b0a4 elementor-widget elementor-widget-heading\" data-id=\"e12b0a4\" data-element_type=\"widget\" data-widget_type=\"heading.default\">\n\t\t\t\t<div class=\"elementor-widget-container\">\n\t\t\t<h2 class=\"elementor-heading-title elementor-size-default\">Tradi\u010dn\u00ed postupy<\/h2>\t\t<\/div>\n\t\t\t\t<\/div>\n\t\t\t\t<div class=\"elementor-element elementor-element-7fd8989 elementor-widget elementor-widget-text-editor\" data-id=\"7fd8989\" data-element_type=\"widget\" data-widget_type=\"text-editor.default\">\n\t\t\t\t<div class=\"elementor-widget-container\">\n\t\t\t\t\t\t\tNa\u0161e praxe trv\u00e1 od roku 2010. Klademe hlavn\u00ed d\u016fraz na kvalitu proveden\u00e9 pr\u00e1ce a na individu\u00e1ln\u00ed p\u0159\u00edstup ke ka\u017ed\u00e9mu z\u00e1kazn\u00edkovi.\t\t\t\t\t\t<\/div>\n\t\t\t\t<\/div>\n\t\t\t\t\t<\/div>\n\t\t<\/div>\n\t\t\t\t\t\t\t<\/div>\n\t\t<\/section>\n\t\t\t\t<section class=\"elementor-section elementor-top-section elementor-element elementor-element-73e4c23 elementor-section-boxed elementor-section-height-default elementor-section-height-default\" data-id=\"73e4c23\" data-element_type=\"section\">\n\t\t\t\t\t\t<div class=\"elementor-container elementor-column-gap-default\">\n\t\t\t\t\t<div class=\"elementor-column elementor-col-33 elementor-top-column elementor-element elementor-element-8e66127\" data-id=\"8e66127\" data-element_type=\"column\">\n\t\t\t<div class=\"elementor-widget-wrap elementor-element-populated\">\n\t\t\t\t\t\t\t\t<div class=\"elementor-element elementor-element-42b1a6e elementor-widget elementor-widget-heading\" data-id=\"42b1a6e\" data-element_type=\"widget\" data-widget_type=\"heading.default\">\n\t\t\t\t<div class=\"elementor-widget-container\">\n\t\t\t<h2 class=\"elementor-heading-title elementor-size-default\">Kvalitn\u00ed materi\u00e1l<\/h2>\t\t<\/div>\n\t\t\t\t<\/div>\n\t\t\t\t<div class=\"elementor-element elementor-element-e5ac755 elementor-widget elementor-widget-text-editor\" data-id=\"e5ac755\" data-element_type=\"widget\" data-widget_type=\"text-editor.default\">\n\t\t\t\t<div class=\"elementor-widget-container\">\n\t\t\t\t\t\t\t<p>P\u0159i v\u00fdrob\u011b n\u00e1bytku pou\u017e\u00edv\u00e1me jak kvalitn\u00ed deskov\u00e9 materi\u00e1ly (lamino) od p\u0159edn\u00edch \u010desk\u00fdch i zahrani\u010dn\u00edch dodavatel\u016f &#8211; Egger, Kronospan,<\/p><p>tak masivn\u00ed d\u0159evo\u00a0 jak evropsk\u00e9 tak i exotick\u00e9 d\u0159eviny, v\u0161e dle p\u0159\u00e1n\u00ed z\u00e1kazn\u00edka.<\/p><p>Kuchy\u0148sk\u00e1 dv\u00ed\u0159ka vyr\u00e1b\u00edme z masivu, lamin nebo m\u016f\u017eeme nab\u00eddnout dv\u00ed\u0159ka foliovan\u00e1.<\/p><p>Kov\u00e1n\u00ed &#8211; panty a v\u00fdsuvy na kuchy\u0148sk\u00e9 linky a ostatn\u00ed n\u00e1bytek n\u00e1m dod\u00e1vaj\u00ed nap\u0159. firmy Blum, Hettich.<\/p>\t\t\t\t\t\t<\/div>\n\t\t\t\t<\/div>\n\t\t\t\t\t<\/div>\n\t\t<\/div>\n\t\t\t\t<div class=\"elementor-column elementor-col-33 elementor-top-column elementor-element elementor-element-5144f8e\" data-id=\"5144f8e\" data-element_type=\"column\">\n\t\t\t<div class=\"elementor-widget-wrap elementor-element-populated\">\n\t\t\t\t\t\t\t\t<div class=\"elementor-element elementor-element-a6f3a02 elementor-widget elementor-widget-heading\" data-id=\"a6f3a02\" data-element_type=\"widget\" data-widget_type=\"heading.default\">\n\t\t\t\t<div class=\"elementor-widget-container\">\n\t\t\t<h2 class=\"elementor-heading-title elementor-size-default\">Precizn\u00ed pr\u00e1ce<\/h2>\t\t<\/div>\n\t\t\t\t<\/div>\n\t\t\t\t<div class=\"elementor-element elementor-element-fb6d8c1 elementor-widget elementor-widget-text-editor\" data-id=\"fb6d8c1\" data-element_type=\"widget\" data-widget_type=\"text-editor.default\">\n\t\t\t\t<div class=\"elementor-widget-container\">\n\t\t\t\t\t\t\t<p>Samoz\u0159ejm\u011b, \u017ee v\u0161ichni na\u0161i z\u00e1kazn\u00edci jsou pro n\u00e1s d\u016fle\u017eit\u00ed a pln\u00edme na\u0161e zak\u00e1zky tak, aby byli v\u0161ichni trvale spokojeni a r\u00e1di se k n\u00e1m vraceli.<\/p>\t\t\t\t\t\t<\/div>\n\t\t\t\t<\/div>\n\t\t\t\t\t<\/div>\n\t\t<\/div>\n\t\t\t\t<div class=\"elementor-column elementor-col-33 elementor-top-column elementor-element elementor-element-869c6a8\" data-id=\"869c6a8\" data-element_type=\"column\">\n\t\t\t<div class=\"elementor-widget-wrap elementor-element-populated\">\n\t\t\t\t\t\t\t\t<div class=\"elementor-element elementor-element-d7e6d67 elementor-widget elementor-widget-heading\" data-id=\"d7e6d67\" data-element_type=\"widget\" data-widget_type=\"heading.default\">\n\t\t\t\t<div class=\"elementor-widget-container\">\n\t\t\t<h2 class=\"elementor-heading-title elementor-size-default\">Precizn\u00ed pr\u00e1ce<\/h2>\t\t<\/div>\n\t\t\t\t<\/div>\n\t\t\t\t<div class=\"elementor-element elementor-element-c5263b4 elementor-widget elementor-widget-text-editor\" data-id=\"c5263b4\" data-element_type=\"widget\" data-widget_type=\"text-editor.default\">\n\t\t\t\t<div class=\"elementor-widget-container\">\n\t\t\t\t\t\t\t<p>Samoz\u0159ejm\u011b, \u017ee v\u0161ichni na\u0161i z\u00e1kazn\u00edci jsou pro n\u00e1s d\u016fle\u017eit\u00ed a pln\u00edme na\u0161e zak\u00e1zky tak, aby byli v\u0161ichni trvale spokojeni a r\u00e1di se k n\u00e1m vraceli.<\/p>\t\t\t\t\t\t<\/div>\n\t\t\t\t<\/div>\n\t\t\t\t\t<\/div>\n\t\t<\/div>\n\t\t\t\t\t\t\t<\/div>\n\t\t<\/section>\n\t\t\t\t<section class=\"elementor-section elementor-top-section elementor-element elementor-element-6edd32b elementor-section-boxed elementor-section-height-default elementor-section-height-default\" data-id=\"6edd32b\" data-element_type=\"section\" data-settings=\"{&quot;background_background&quot;:&quot;classic&quot;}\">\n\t\t\t\t\t\t\t<div class=\"elementor-background-overlay\"><\/div>\n\t\t\t\t\t\t\t<div class=\"elementor-container elementor-column-gap-default\">\n\t\t\t\t\t<div class=\"elementor-column elementor-col-100 elementor-top-column elementor-element elementor-element-ccf695d\" data-id=\"ccf695d\" data-element_type=\"column\">\n\t\t\t<div class=\"elementor-widget-wrap elementor-element-populated\">\n\t\t\t\t\t\t\t\t<div class=\"elementor-element elementor-element-c59ffc7 elementor-widget elementor-widget-heading\" data-id=\"c59ffc7\" data-element_type=\"widget\" data-widget_type=\"heading.default\">\n\t\t\t\t<div class=\"elementor-widget-container\">\n\t\t\t<h2 class=\"elementor-heading-title elementor-size-default\">Kde n\u00e1s najdete<\/h2>\t\t<\/div>\n\t\t\t\t<\/div>\n\t\t\t\t<div class=\"elementor-element elementor-element-320f02b elementor-widget elementor-widget-text-editor\" data-id=\"320f02b\" data-element_type=\"widget\" data-widget_type=\"text-editor.default\">\n\t\t\t\t<div class=\"elementor-widget-container\">\n\t\t\t\t\t\t\t<p>Na\u0161e truhl\u00e1\u0159sk\u00e9 zak\u00e1zky jsou p\u0159ev\u00e1\u017en\u011b z Prahy a bl\u00edzk\u00e9ho okol\u00ed, na\u0161imi z\u00e1kazn\u00edky jsou jak velk\u00e9 stavebn\u00ed firmy, tak i jednotlivci.\u00a0<\/p>\t\t\t\t\t\t<\/div>\n\t\t\t\t<\/div>\n\t\t\t\t<div class=\"elementor-element elementor-element-ae41130 elementor-widget elementor-widget-text-editor\" data-id=\"ae41130\" data-element_type=\"widget\" data-widget_type=\"text-editor.default\">\n\t\t\t\t<div class=\"elementor-widget-container\">\n\t\t\t\t\t\t\t\n<div class=\"wpcf7 no-js\" id=\"wpcf7-f41-o1\" lang=\"cs-CZ\" dir=\"ltr\">\n<div class=\"screen-reader-response\"><p role=\"status\" aria-live=\"polite\" aria-atomic=\"true\"><\/p> <ul><\/ul><\/div>\n<form action=\"\/index.php\/wp-json\/wp\/v2\/pages\/18#wpcf7-f41-o1\" method=\"post\" class=\"wpcf7-form init\" aria-label=\"Kontaktn\u00ed formul\u00e1\u0159\" novalidate=\"novalidate\" data-status=\"init\">\n<div style=\"display: none;\">\n<input type=\"hidden\" name=\"_wpcf7\" value=\"41\" \/>\n<input type=\"hidden\" name=\"_wpcf7_version\" value=\"5.8.5\" \/>\n<input type=\"hidden\" name=\"_wpcf7_locale\" value=\"cs_CZ\" \/>\n<input type=\"hidden\" name=\"_wpcf7_unit_tag\" value=\"wpcf7-f41-o1\" \/>\n<input type=\"hidden\" name=\"_wpcf7_container_post\" value=\"0\" \/>\n<input type=\"hidden\" name=\"_wpcf7_posted_data_hash\" value=\"\" \/>\n<\/div>\n<p><label> Va\u0161e jm\u00e9no (vy\u017eadov\u00e1no)<br \/>\n<span class=\"wpcf7-form-control-wrap\" data-name=\"your-name\"><input size=\"40\" class=\"wpcf7-form-control wpcf7-text wpcf7-validates-as-required\" aria-required=\"true\" aria-invalid=\"false\" value=\"\" type=\"text\" name=\"your-name\" \/><\/span> <\/label>\n<\/p>\n<p><label> V\u00e1\u0161 e-mail (vy\u017eadov\u00e1no)<br \/>\n<span class=\"wpcf7-form-control-wrap\" data-name=\"your-email\"><input size=\"40\" class=\"wpcf7-form-control wpcf7-email wpcf7-validates-as-required wpcf7-text wpcf7-validates-as-email\" aria-required=\"true\" aria-invalid=\"false\" value=\"\" type=\"email\" name=\"your-email\" \/><\/span> <\/label>\n<\/p>\n<p><label> P\u0159edm\u011bt<br \/>\n<span class=\"wpcf7-form-control-wrap\" data-name=\"your-subject\"><input size=\"40\" class=\"wpcf7-form-control wpcf7-text\" aria-invalid=\"false\" value=\"\" type=\"text\" name=\"your-subject\" \/><\/span> <\/label>\n<\/p>\n<p><label> Va\u0161e zpr\u00e1va<br \/>\n<span class=\"wpcf7-form-control-wrap\" data-name=\"your-message\"><textarea cols=\"40\" rows=\"10\" class=\"wpcf7-form-control wpcf7-textarea\" aria-invalid=\"false\" name=\"your-message\"><\/textarea><\/span> <\/label>\n<\/p>\n<p><input class=\"wpcf7-form-control wpcf7-submit has-spinner\" type=\"submit\" value=\"Odeslat\" \/>\n<\/p><div class=\"wpcf7-response-output\" aria-hidden=\"true\"><\/div>\n<\/form>\n<\/div>\n\t\t\t\t\t\t<\/div>\n\t\t\t\t<\/div>\n\t\t\t\t\t<\/div>\n\t\t<\/div>\n\t\t\t\t\t\t\t<\/div>\n\t\t<\/section>\n\t\t\t\t\t\t\t<\/div>\n\t\t","protected":false},"excerpt":{"rendered":"<p>Na\u0161e truhl\u00e1\u0159sk\u00e9 zak\u00e1zky jsou p\u0159ev\u00e1\u017en\u011b z Prahy a bl\u00edzk\u00e9ho okol\u00ed, na\u0161imi z\u00e1kazn\u00edky jsou jak velk\u00e9 stavebn\u00ed firmy, tak i jednotlivci. Pokud jste i z v\u011bt\u0161\u00ed d\u00e1lky, nev\u00e1hejte n\u00e1s kontaktovat a ur\u010dit\u011b najdeme spole\u010dn\u00e9 \u0159e\u0161en\u00ed. Od n\u00e1vrhu po proveden\u00ed Jsme schopni podle Va\u0161ich p\u0159edstav zpracovat n\u00e1vrh a vyrobit p\u0159esn\u011b to, co V\u00e1m bude vyhovovat, nebo V\u00e1m [&hellip;]<\/p>\n","protected":false},"author":1,"featured_media":0,"parent":0,"menu_order":0,"comment_status":"closed","ping_status":"closed","template":"elementor_header_footer","meta":{"footnotes":""},"_links":{"self":[{"href":"https:\/\/adhtruhlarstvi.cz\/index.php\/wp-json\/wp\/v2\/pages\/18"}],"collection":[{"href":"https:\/\/adhtruhlarstvi.cz\/index.php\/wp-json\/wp\/v2\/pages"}],"about":[{"href":"https:\/\/adhtruhlarstvi.cz\/index.php\/wp-json\/wp\/v2\/types\/page"}],"author":[{"embeddable":true,"href":"https:\/\/adhtruhlarstvi.cz\/index.php\/wp-json\/wp\/v2\/users\/1"}],"replies":[{"embeddable":true,"href":"https:\/\/adhtruhlarstvi.cz\/index.php\/wp-json\/wp\/v2\/comments?post=18"}],"version-history":[{"count":31,"href":"https:\/\/adhtruhlarstvi.cz\/index.php\/wp-json\/wp\/v2\/pages\/18\/revisions"}],"predecessor-version":[{"id":121,"href":"https:\/\/adhtruhlarstvi.cz\/index.php\/wp-json\/wp\/v2\/pages\/18\/revisions\/121"}],"wp:attachment":[{"href":"https:\/\/adhtruhlarstvi.cz\/index.php\/wp-json\/wp\/v2\/media?parent=18"}],"curies":[{"name":"wp","href":"https:\/\/api.w.org\/{rel}","templated":true}]}}